{"id":25079,"date":"2025-07-06T13:55:41","date_gmt":"2025-07-06T11:55:41","guid":{"rendered":"https:\/\/www.artiva-sports.com\/?post_type=product&#038;p=25079"},"modified":"2025-07-06T13:58:04","modified_gmt":"2025-07-06T11:58:04","slug":"flexibel-anpassbare-lauftrikots","status":"publish","type":"product","link":"https:\/\/www.artiva-sports.com\/en\/sportswear\/flexibel-anpassbare-lauftrikots","title":{"rendered":"Individuell kombiniert: Lauftrikots f\u00fcr jeden Anspruch"},"content":{"rendered":"<p data-start=\"62\" data-end=\"377\">Gestalte Lauftrikots, die auf die Bed\u00fcrfnisse Deines Teams zugeschnitten sind \u2013 ob auff\u00e4lliges Farbhighlight, dezente Ton-in-Ton-Optik oder CI-konforme Logos. Mit artiva w\u00e4hlst Du aus zahlreichen Design- und Ausstattungsoptionen, um Euer Team perfekt auszustatten.<\/p>\n<h3 data-start=\"379\" data-end=\"435\">Design und Performance: Funktionen, die \u00fcberzeugen<\/h3>\n<ul data-start=\"436\" data-end=\"1070\">\n<li data-start=\"436\" data-end=\"530\">\n<p data-start=\"438\" data-end=\"530\"><strong data-start=\"438\" data-end=\"457\">CI-Integration:<\/strong> Unternehmensfarben, Vereinslogo oder Charity-Motiv nahtlos eingebunden<\/p>\n<\/li>\n<li data-start=\"647\" data-end=\"747\">\n<p data-start=\"649\" data-end=\"747\"><strong data-start=\"649\" data-end=\"676\">Reflektierende Details:<\/strong> Dezente, integrierte Elemente erh\u00f6hen die Sichtbarkeit bei D\u00e4mmerung<\/p>\n<\/li>\n<li data-start=\"748\" data-end=\"859\">\n<p data-start=\"750\" data-end=\"859\"><strong data-start=\"750\" data-end=\"771\">Modularer Aufbau:<\/strong> W\u00e4hle unterschiedliche \u00c4rmel-L\u00e4ngen, Kragenformen und Saumabschl\u00fcsse f\u00fcr Deine L\u00e4ufer<\/p>\n<\/li>\n<li data-start=\"860\" data-end=\"965\">\n<p data-start=\"862\" data-end=\"965\"><strong data-start=\"862\" data-end=\"887\">Nachhaltige Optionen:<\/strong> Recycelte Materialien auf GRS-Niveau und klimaneutrale Produktion verf\u00fcgbar<\/p>\n<\/li>\n<li data-start=\"966\" data-end=\"1070\">\n<p data-start=\"968\" data-end=\"1070\"><strong data-start=\"968\" data-end=\"996\">Flexible Nachbestellung:<\/strong> Einzelne Trikots jederzeit erg\u00e4nzen, um auf Team\u00e4nderungen zu reagieren<\/p>\n<\/li>\n<\/ul>\n<p data-start=\"1072\" data-end=\"1229\">Teams profitieren von Lauftrikots, die durch ma\u00dfgeschneiderte Features und nachhaltige Materialien \u00fcberzeugen \u2013 perfekt f\u00fcr jedes Event und jedes Teamprofil.<\/p>\n","protected":false},"excerpt":{"rendered":"<p>Lauftrikots 100 % flexibel: CI-Integration, UV-Schutz, DryFact\u2122, modulare Design-Optionen, nachhaltige Materialien &amp; nachbestellbar \u2713 Made in Europe<\/p>\n","protected":false},"featured_media":25082,"template":"","meta":{"_acf_changed":false,"inline_featured_image":false},"product_brand":[],"product_cat":[44],"product_tag":[102],"class_list":{"0":"post-25079","1":"product","2":"type-product","3":"status-publish","4":"has-post-thumbnail","6":"product_cat-laufshirt-inspirationen","7":"product_tag-kurzarm","8":"pa_sportswear-kurzarm-laufshirts","10":"first","11":"instock","12":"shipping-taxable","13":"product-type-simple"},"acf":[],"_links":{"self":[{"href":"https:\/\/www.artiva-sports.com\/en\/wp-json\/wp\/v2\/product\/25079","targetHints":{"allow":["GET"]}}],"collection":[{"href":"https:\/\/www.artiva-sports.com\/en\/wp-json\/wp\/v2\/product"}],"about":[{"href":"https:\/\/www.artiva-sports.com\/en\/wp-json\/wp\/v2\/types\/product"}],"wp:featuredmedia":[{"embeddable":true,"href":"https:\/\/www.artiva-sports.com\/en\/wp-json\/wp\/v2\/media\/25082"}],"wp:attachment":[{"href":"https:\/\/www.artiva-sports.com\/en\/wp-json\/wp\/v2\/media?parent=25079"}],"wp:term":[{"taxonomy":"product_brand","embeddable":true,"href":"https:\/\/www.artiva-sports.com\/en\/wp-json\/wp\/v2\/product_brand?post=25079"},{"taxonomy":"product_cat","embeddable":true,"href":"https:\/\/www.artiva-sports.com\/en\/wp-json\/wp\/v2\/product_cat?post=25079"},{"taxonomy":"product_tag","embeddable":true,"href":"https:\/\/www.artiva-sports.com\/en\/wp-json\/wp\/v2\/product_tag?post=25079"}],"curies":[{"name":"wp","href":"https:\/\/api.w.org\/{rel}","templated":true}]}}