{"id":25056,"date":"2025-07-06T13:39:21","date_gmt":"2025-07-06T11:39:21","guid":{"rendered":"https:\/\/www.artiva-sports.com\/?post_type=product&#038;p=25056"},"modified":"2025-07-06T13:39:21","modified_gmt":"2025-07-06T11:39:21","slug":"lauftrikots-in-perfektion","status":"publish","type":"product","link":"https:\/\/www.artiva-sports.com\/en\/sportswear\/lauftrikots-in-perfektion","title":{"rendered":"Lauftrikots in Perfektion &#8211; Wie aus einem Guss"},"content":{"rendered":"<p data-start=\"53\" data-end=\"430\">Eure Lauftrikots sollen nicht nur gut aussehen, sondern als harmonisches Gesamtpaket \u00fcberzeugen. \u201eWie aus einem Guss\u201c bedeutet, dass Farben, Grafiken und Schnitte nahtlos aufeinander abgestimmt sind \u2013 perfekt f\u00fcr Firmen-, Vereins- oder Charity-Teams, die bei jedem Lauf ein starkes, zusammengeh\u00f6riges Bild abgeben wollen.<\/p>\n<h3 data-start=\"432\" data-end=\"480\">Design und Performance: Nahtlos abgestimmt<\/h3>\n<ul data-start=\"481\" data-end=\"1049\">\n<li data-start=\"481\" data-end=\"609\">\n<p data-start=\"483\" data-end=\"609\"><strong data-start=\"483\" data-end=\"515\">Durchg\u00e4ngiges Designkonzept:<\/strong> Farbverl\u00e4ufe, Muster und Logos greifen \u00fcber Vorder-, R\u00fcckseite und \u00c4rmel nahtlos ineinander<\/p>\n<\/li>\n<li data-start=\"610\" data-end=\"733\">\n<p data-start=\"612\" data-end=\"733\"><strong data-start=\"612\" data-end=\"637\">DryFact\u2122 Technologie:<\/strong> Hochleistungsfasern sorgen f\u00fcr optimales Feuchtigkeitsmanagement und ein trockenes Hautgef\u00fchl<\/p>\n<\/li>\n<li data-start=\"734\" data-end=\"856\">\n<p data-start=\"736\" data-end=\"856\"><strong data-start=\"736\" data-end=\"762\">Ergonomischer Schnitt:<\/strong> Pr\u00e4zise an den Bewegungsablauf beim Laufen angepasst f\u00fcr uneingeschr\u00e4nkte Bewegungsfreiheit<\/p>\n<\/li>\n<li data-start=\"857\" data-end=\"938\">\n<p data-start=\"859\" data-end=\"938\"><strong data-start=\"859\" data-end=\"891\">Flache N\u00e4hte &amp; Silikon-Saum:<\/strong> Kein Scheuern, perfekter Sitz bis ins Detail<\/p>\n<\/li>\n<li data-start=\"939\" data-end=\"1049\">\n<p data-start=\"941\" data-end=\"1049\"><strong data-start=\"941\" data-end=\"969\">Flexible Nachbestellung:<\/strong> Einzelne Trikots jederzeit erg\u00e4nzen, um Euren Auftritt langfristig zu sichern<\/p>\n<\/li>\n<\/ul>\n<p data-start=\"1051\" data-end=\"1228\">Teams und Eventorganisatoren profitieren von Lauftrikots, die in jedem Detail perfekt zusammenpassen und technische H\u00f6chstleistung bieten \u2013 von der ersten bis zur letzten Meile.<\/p>\n","protected":false},"excerpt":{"rendered":"<p>Lauftrikots \u201ewie aus einem Guss\u201c \u2013 nahtlos abgestimmtes Design \u2713 DryFact\u2122 Technologie \u2713 Ergonomischer Schnitt \u2713 Flache N\u00e4hte &amp; Silikon-Saum \u2713 Flexible Nachbestellung \u2713 Made in Europe<\/p>\n","protected":false},"featured_media":25060,"template":"","meta":{"_acf_changed":false,"inline_featured_image":false},"product_brand":[],"product_cat":[44],"product_tag":[102],"class_list":{"0":"post-25056","1":"product","2":"type-product","3":"status-publish","4":"has-post-thumbnail","6":"product_cat-laufshirt-inspirationen","7":"product_tag-kurzarm","8":"pa_sportswear-kurzarm-laufshirts","10":"first","11":"instock","12":"shipping-taxable","13":"product-type-simple"},"acf":[],"_links":{"self":[{"href":"https:\/\/www.artiva-sports.com\/en\/wp-json\/wp\/v2\/product\/25056","targetHints":{"allow":["GET"]}}],"collection":[{"href":"https:\/\/www.artiva-sports.com\/en\/wp-json\/wp\/v2\/product"}],"about":[{"href":"https:\/\/www.artiva-sports.com\/en\/wp-json\/wp\/v2\/types\/product"}],"wp:featuredmedia":[{"embeddable":true,"href":"https:\/\/www.artiva-sports.com\/en\/wp-json\/wp\/v2\/media\/25060"}],"wp:attachment":[{"href":"https:\/\/www.artiva-sports.com\/en\/wp-json\/wp\/v2\/media?parent=25056"}],"wp:term":[{"taxonomy":"product_brand","embeddable":true,"href":"https:\/\/www.artiva-sports.com\/en\/wp-json\/wp\/v2\/product_brand?post=25056"},{"taxonomy":"product_cat","embeddable":true,"href":"https:\/\/www.artiva-sports.com\/en\/wp-json\/wp\/v2\/product_cat?post=25056"},{"taxonomy":"product_tag","embeddable":true,"href":"https:\/\/www.artiva-sports.com\/en\/wp-json\/wp\/v2\/product_tag?post=25056"}],"curies":[{"name":"wp","href":"https:\/\/api.w.org\/{rel}","templated":true}]}}