{"id":24349,"date":"2025-04-07T15:46:25","date_gmt":"2025-04-07T13:46:25","guid":{"rendered":"https:\/\/www.artiva-sports.com\/?post_type=product&#038;p=24349"},"modified":"2025-04-07T15:46:25","modified_gmt":"2025-04-07T13:46:25","slug":"humorvolle-laufshirts-mit-spruechen","status":"publish","type":"product","link":"https:\/\/www.artiva-sports.com\/en\/sportswear\/humorvolle-laufshirts-mit-spruechen","title":{"rendered":"Spa\u00df mit Stil \u2013 Laufshirts mit humorvollen Spr\u00fcchen"},"content":{"rendered":"<p class=\"\" data-start=\"59\" data-end=\"512\">Bahn frei f\u00fcr die Autobahn Nordbayern \u2013 so lautet das Motto hinter diesem besonderen Laufshirt von artiva Sports. Das Shirt besticht durch seine schlichte Eleganz: Blaue \u00c4rmel und eine leuchtend orangefarbene Vorder- und R\u00fcckseite bilden den stilvollen Rahmen. Auf der Vorderseite prangt das markante Logo, w\u00e4hrend die R\u00fcckseite mit dem l\u00e4ssigen Spruch \u201eUnterwegs auf der \u00dcberholspur\u201c versehen ist \u2013 ein Slogan, der perfekt zur Autobahn-Thematik passt.<\/p>\n<h3 class=\"\" data-start=\"514\" data-end=\"558\">Finde den passenden Slogan f\u00fcr Dein Team<\/h3>\n<p class=\"\" data-start=\"560\" data-end=\"1031\">Ein eing\u00e4ngiger Spruch kann das Herzst\u00fcck Deines Firmenlaufshirts sein. Der hier gew\u00e4hlte Slogan \u201eUnterwegs auf der \u00dcberholspur\u201c zeigt, wie ein clever formulierter Satz den Teamgeist und die Identit\u00e4t Deines Unternehmens transportieren kann. Nutze dieses Beispiel als Inspiration, um einen eigenen, passgenauen Slogan zu finden, der den Charakter Deines Teams widerspiegelt und mit einer prise Humor veredelt. Das bringt die anderen Teilnehmer und Zuschauer zum Schmunzeln und bringt Euch zus\u00e4tzliche Sympathiepunkte ein.<\/p>\n<h3 class=\"\" data-start=\"1033\" data-end=\"1089\">Wesentliche Elemente f\u00fcr ein \u00fcberzeugendes Laufshirt<\/h3>\n<ul data-start=\"1091\" data-end=\"1736\">\n<li class=\"\" data-start=\"1091\" data-end=\"1222\">\n<p class=\"\" data-start=\"1093\" data-end=\"1222\"><strong data-start=\"1093\" data-end=\"1115\">Schlichte Eleganz:<\/strong> Blaue \u00c4rmel und eine orangerfarbene Vorder- und R\u00fcckseite schaffen ein klares, modernes Erscheinungsbild<\/p>\n<\/li>\n<li class=\"\" data-start=\"1223\" data-end=\"1360\">\n<p class=\"\" data-start=\"1225\" data-end=\"1360\"><strong data-start=\"1225\" data-end=\"1246\">Markanter Slogan:<\/strong> ein Spruch, der zu Euch passt und zeigt, dass Ihr Homor habt<\/p>\n<\/li>\n<li class=\"\" data-start=\"1361\" data-end=\"1455\">\n<p class=\"\" data-start=\"1363\" data-end=\"1455\"><strong data-start=\"1363\" data-end=\"1383\">Pr\u00e4gnantes Logo:<\/strong> Das auffallende Logo auf der Vorderseite st\u00e4rkt Deine Markenidentit\u00e4t<\/p>\n<\/li>\n<li class=\"\" data-start=\"1456\" data-end=\"1612\">\n<p class=\"\" data-start=\"1458\" data-end=\"1612\"><strong data-start=\"1458\" data-end=\"1483\">Design als Statement:<\/strong> Die Verbindung von Farbkontrasten und einem aussagekr\u00e4ftigen Slogan macht das Shirt zum idealen Ausdruck der Unternehmenswerte<\/p>\n<\/li>\n<li class=\"\" data-start=\"1613\" data-end=\"1736\">\n<p class=\"\" data-start=\"1615\" data-end=\"1736\"><strong data-start=\"1615\" data-end=\"1643\">Hochwertige Materialien:<\/strong> Atmungsame Stoffe und ein ergonomisch optimierter Schnitt garantieren optimalen Tragekomfort<\/p>\n<\/li>\n<\/ul>\n<p class=\"\" data-start=\"1738\" data-end=\"2007\">Dieses Laufshirt zeigt, wie ein stimmiger Slogan im Zusammenspiel mit einem klaren Design ein starkes Markenstatement abgibt. Finde den idealen Spruch, der zu Deinem Firmenlaufteam passt \u2013 und setze damit ein Zeichen f\u00fcr Zusammenhalt und authentische Unternehmenswerte.<\/p>\n","protected":false},"excerpt":{"rendered":"<p>Mit smarten, witzigen Botschaften auf dem Laufshirt ein humorvolles Statement setzen \u2013 individuell, hochwertig, nachhaltig. \u2713 sympathisch \u2713 Top-Design \u2713 Made in Europe<\/p>\n","protected":false},"featured_media":24352,"template":"","meta":{"_acf_changed":false,"inline_featured_image":false},"product_brand":[],"product_cat":[44],"product_tag":[102],"class_list":{"0":"post-24349","1":"product","2":"type-product","3":"status-publish","4":"has-post-thumbnail","6":"product_cat-laufshirt-inspirationen","7":"product_tag-kurzarm","8":"pa_sportswear-kurzarm-laufshirts","10":"first","11":"instock","12":"shipping-taxable","13":"product-type-simple"},"acf":[],"_links":{"self":[{"href":"https:\/\/www.artiva-sports.com\/en\/wp-json\/wp\/v2\/product\/24349","targetHints":{"allow":["GET"]}}],"collection":[{"href":"https:\/\/www.artiva-sports.com\/en\/wp-json\/wp\/v2\/product"}],"about":[{"href":"https:\/\/www.artiva-sports.com\/en\/wp-json\/wp\/v2\/types\/product"}],"wp:featuredmedia":[{"embeddable":true,"href":"https:\/\/www.artiva-sports.com\/en\/wp-json\/wp\/v2\/media\/24352"}],"wp:attachment":[{"href":"https:\/\/www.artiva-sports.com\/en\/wp-json\/wp\/v2\/media?parent=24349"}],"wp:term":[{"taxonomy":"product_brand","embeddable":true,"href":"https:\/\/www.artiva-sports.com\/en\/wp-json\/wp\/v2\/product_brand?post=24349"},{"taxonomy":"product_cat","embeddable":true,"href":"https:\/\/www.artiva-sports.com\/en\/wp-json\/wp\/v2\/product_cat?post=24349"},{"taxonomy":"product_tag","embeddable":true,"href":"https:\/\/www.artiva-sports.com\/en\/wp-json\/wp\/v2\/product_tag?post=24349"}],"curies":[{"name":"wp","href":"https:\/\/api.w.org\/{rel}","templated":true}]}}